{"id":1056,"date":"2025-10-03T11:36:54","date_gmt":"2025-10-03T04:36:54","guid":{"rendered":"https:\/\/truongthanhgiang.com\/?page_id=1056"},"modified":"2025-10-07T14:46:16","modified_gmt":"2025-10-07T07:46:16","slug":"hanh-trinh-tri-thuc-va-loi-tri-an","status":"publish","type":"page","link":"https:\/\/truongthanhgiang.com\/","title":{"rendered":"H\u00c0NH TR\u00ccNH TRI TH\u1ee8C V\u00c0 L\u1edcI TRI \u00c2N"},"content":{"rendered":"\n<p>K\u00ednh ch\u00e0o qu\u00fd \u0111\u1ed9c gi\u1ea3,<\/p>\n\n\n\n<p>T\u00f4i l\u00e0 Tr\u01b0\u01a1ng Thanh Gi\u1ea3ng. H\u00e0nh tr\u00ecnh h\u1ecdc t\u1eadp v\u00e0 kh\u00e1m ph\u00e1 b\u1ea3n th\u00e2n c\u1ee7a t\u00f4i kh\u00e1 \u0111\u1eb7c bi\u1ec7t, tr\u1ea3i d\u00e0i qua b\u1ed1n l\u0129nh v\u1ef1c t\u01b0\u1edfng ch\u1eebng kh\u00e1c bi\u1ec7t: T\u00e0i ch\u00ednh t\u1ea1i \u0110\u1ea1i h\u1ecdc T\u00e0i ch\u00ednh K\u1ebf to\u00e1n TPHCM, Ph\u00e2n vi\u1ec7n C\u00f4ng ngh\u1ec7 th\u00f4ng tin t\u1ea1i TPHCM, Lu\u1eadt kinh t\u1ebf t\u1ea1i \u0110\u1ea1i h\u1ecdc Kinh t\u1ebf &#8211; Lu\u1eadt v\u00e0 T\u00e2m l\u00fd h\u1ecdc t\u1ea1i \u0110\u1ea1i h\u1ecdc Khoa h\u1ecdc x\u00e3 h\u1ed9i v\u00e0 nh\u00e2n v\u0103n TPHCM.<\/p>\n\n\n\n<p>S\u1ef1 giao thoa gi\u1eefa c\u00e1c ng\u00e0nh h\u1ecdc n\u00e0y \u0111\u00e3 mang \u0111\u1ebfn cho t\u00f4i m\u1ed9t l\u0103ng k\u00ednh \u0111\u1ed9c \u0111\u00e1o \u0111\u1ec3 nh\u00ecn nh\u1eadn v\u00e0 ph\u00e2n t\u00edch c\u00e1c v\u1ea5n \u0111\u1ec1 trong cu\u1ed9c s\u1ed1ng. V\u00e0 t\u00f4i tin r\u1eb1ng, ki\u1ebfn th\u1ee9c ch\u1ec9 th\u1ef1c s\u1ef1 c\u00f3 gi\u00e1 tr\u1ecb khi \u0111\u01b0\u1ee3c lan t\u1ecfa.<\/p>\n\n\n\n<p>V\u00ec l\u1ebd \u0111\u00f3, blog n\u00e0y \u0111\u01b0\u1ee3c t\u1ea1o ra v\u1edbi hai m\u1ee5c \u0111\u00edch ch\u00ednh. Th\u1ee9 nh\u1ea5t, \u0111\u00e2y l\u00e0 l\u1eddi c\u1ea3m \u01a1n ch\u00e2n th\u00e0nh v\u00e0 s\u00e2u s\u1eafc nh\u1ea5t t\u00f4i mu\u1ed1n g\u1eedi \u0111\u1ebfn c\u00e1c th\u1ea7y c\u00f4 gi\u00e1o \u2013 nh\u1eefng ng\u01b0\u1eddi \u0111\u00e3 truy\u1ec1n l\u1eeda v\u00e0 d\u1eabn l\u1ed1i cho t\u00f4i. Th\u1ee9 hai, \u0111\u00e2y l\u00e0 kh\u00f4ng gian \u0111\u1ec3 t\u00f4i chia s\u1ebb nh\u1eefng ki\u1ebfn th\u1ee9c, kinh nghi\u1ec7m c\u1ee7a m\u00ecnh cho c\u1ed9ng \u0111\u1ed3ng, \u0111\u1eb7c bi\u1ec7t l\u00e0 nh\u1eefng b\u1ea1n tr\u1ebb \u0111ang t\u00ecm hi\u1ec3u v\u1ec1 c\u00e1c con \u0111\u01b0\u1eddng s\u1ef1 nghi\u1ec7p n\u00e0y.<\/p>\n\n\n\n<p>Hy v\u1ecdng nh\u1eefng n\u1ed9i dung t\u1ea1i \u0111\u00e2y s\u1ebd mang l\u1ea1i gi\u00e1 tr\u1ecb cho b\u1ea1n. Tr\u00e2n tr\u1ecdng!<\/p>\n","protected":false},"excerpt":{"rendered":"<p>K\u00ednh ch\u00e0o qu\u00fd \u0111\u1ed9c gi\u1ea3, T\u00f4i l\u00e0 Tr\u01b0\u01a1ng Thanh Gi\u1ea3ng. H\u00e0nh tr\u00ecnh h\u1ecdc t\u1eadp v\u00e0 kh\u00e1m ph\u00e1 b\u1ea3n th\u00e2n c\u1ee7a t\u00f4i kh\u00e1 \u0111\u1eb7c bi\u1ec7t, tr\u1ea3i d\u00e0i qua b\u1ed1n l\u0129nh v\u1ef1c t\u01b0\u1edfng ch\u1eebng kh\u00e1c bi\u1ec7t: T\u00e0i ch\u00ednh t\u1ea1i \u0110\u1ea1i h\u1ecdc T\u00e0i ch\u00ednh K\u1ebf to\u00e1n TPHCM, Ph\u00e2n vi\u1ec7n C\u00f4ng ngh\u1ec7 th\u00f4ng tin t\u1ea1i TPHCM, Lu\u1eadt kinh t\u1ebf [&hellip;]<\/p>\n","protected":false},"author":7,"featured_media":0,"parent":0,"menu_order":0,"comment_status":"closed","ping_status":"closed","template":"","meta":{"om_disable_all_campaigns":false,"_monsterinsights_skip_tracking":false,"_monsterinsights_sitenote_active":false,"_monsterinsights_sitenote_note":"","_monsterinsights_sitenote_category":0,"_uf_show_specific_survey":0,"_uf_disable_surveys":false,"site-sidebar-layout":"default","site-content-layout":"default","ast-site-content-layout":"default","site-content-style":"default","site-sidebar-style":"default","ast-global-header-display":"","ast-banner-title-visibility":"","ast-main-header-display":"","ast-hfb-above-header-display":"","ast-hfb-below-header-display":"","ast-hfb-mobile-header-display":"","site-post-title":"","ast-breadcrumbs-content":"","ast-featured-img":"","footer-sml-layout":"","theme-transparent-header-meta":"default","adv-header-id-meta":"","stick-header-meta":"","header-above-stick-meta":"","header-main-stick-meta":"","header-below-stick-meta":"","astra-migrate-meta-layouts":"set","ast-page-background-enabled":"default","ast-page-background-meta":{"desktop":{"background-color":"","background-image":"","background-repeat":"repeat","background-position":"center center","background-size":"auto","background-attachment":"scroll","background-type":"","background-media":"","overlay-type":"","overlay-color":"","overlay-opacity":"","overlay-gradient":""},"tablet":{"background-color":"","background-image":"","background-repeat":"repeat","background-position":"center center","background-size":"auto","background-attachment":"scroll","background-type":"","background-media":"","overlay-type":"","overlay-color":"","overlay-opacity":"","overlay-gradient":""},"mobile":{"background-color":"","background-image":"","background-repeat":"repeat","background-position":"center center","background-size":"auto","background-attachment":"scroll","background-type":"","background-media":"","overlay-type":"","overlay-color":"","overlay-opacity":"","overlay-gradient":""}},"ast-content-background-meta":{"desktop":{"background-color":"var(--ast-global-color-5)","background-image":"","background-repeat":"repeat","background-position":"center center","background-size":"auto","background-attachment":"scroll","background-type":"","background-media":"","overlay-type":"","overlay-color":"","overlay-opacity":"","overlay-gradient":""},"tablet":{"background-color":"var(--ast-global-color-5)","background-image":"","background-repeat":"repeat","background-position":"center center","background-size":"auto","background-attachment":"scroll","background-type":"","background-media":"","overlay-type":"","overlay-color":"","overlay-opacity":"","overlay-gradient":""},"mobile":{"background-color":"var(--ast-global-color-5)","background-image":"","background-repeat":"repeat","background-position":"center center","background-size":"auto","background-attachment":"scroll","background-type":"","background-media":"","overlay-type":"","overlay-color":"","overlay-opacity":"","overlay-gradient":""}},"footnotes":""},"class_list":["post-1056","page","type-page","status-publish","hentry"],"aioseo_notices":[],"_links":{"self":[{"href":"https:\/\/truongthanhgiang.com\/index.php\/wp-json\/wp\/v2\/pages\/1056","targetHints":{"allow":["GET"]}}],"collection":[{"href":"https:\/\/truongthanhgiang.com\/index.php\/wp-json\/wp\/v2\/pages"}],"about":[{"href":"https:\/\/truongthanhgiang.com\/index.php\/wp-json\/wp\/v2\/types\/page"}],"author":[{"embeddable":true,"href":"https:\/\/truongthanhgiang.com\/index.php\/wp-json\/wp\/v2\/users\/7"}],"replies":[{"embeddable":true,"href":"https:\/\/truongthanhgiang.com\/index.php\/wp-json\/wp\/v2\/comments?post=1056"}],"version-history":[{"count":2,"href":"https:\/\/truongthanhgiang.com\/index.php\/wp-json\/wp\/v2\/pages\/1056\/revisions"}],"predecessor-version":[{"id":1114,"href":"https:\/\/truongthanhgiang.com\/index.php\/wp-json\/wp\/v2\/pages\/1056\/revisions\/1114"}],"wp:attachment":[{"href":"https:\/\/truongthanhgiang.com\/index.php\/wp-json\/wp\/v2\/media?parent=1056"}],"curies":[{"name":"wp","href":"https:\/\/api.w.org\/{rel}","templated":true}]}}